{"id":27,"date":"2026-04-10T09:58:47","date_gmt":"2026-04-10T09:58:47","guid":{"rendered":"https:\/\/mobilbizim.net\/?page_id=27"},"modified":"2026-04-10T09:58:56","modified_gmt":"2026-04-10T09:58:56","slug":"mobilbizim-net-ucretsiz-ve-hizli-sohbet-odalari-yeni-nesil-mobil-sohbet-sitesi","status":"publish","type":"page","link":"https:\/\/mobilbizim.net\/?page_id=27","title":{"rendered":"MobilBizim.net \u2013 \u00dccretsiz ve H\u0131zl\u0131 Sohbet Odalar\u0131 | Yeni Nesil Mobil Sohbet Sitesi"},"content":{"rendered":"<p><a href=\"http:\/\/MOB\u0130LB\u0130Z\u0130M.NET\">MobilBizim.net<\/a>, kullan\u0131c\u0131lar\u0131na \u00fccretsiz, h\u0131zl\u0131 ve kesintisiz sohbet imk\u00e2n\u0131 sunan modern bir mobil sohbet platformudur. T\u00fcrkiye\u2019nin d\u00f6rt bir yan\u0131ndan insanlar\u0131 bir araya getiren sitemiz, yeni arkada\u015fl\u0131klar kurmak ve keyifli vakit ge\u00e7irmek isteyenler i\u00e7in ideal bir ortam sa\u011flar.<\/p>\n<p>&nbsp;<\/p>\n<p>Sohbet odalar\u0131m\u0131z tamamen kullan\u0131c\u0131 dostu bir yap\u0131ya sahiptir ve mobil uyumlu tasar\u0131m\u0131 sayesinde telefon, tablet ve bilgisayar \u00fczerinden kolayca eri\u015filebilir. \u00dcye olmadan giri\u015f yapma imk\u00e2n\u0131 ile saniyeler i\u00e7inde sohbete ba\u015flayabilirsiniz.<\/p>\n<p>&nbsp;<\/p>\n<p><a href=\"http:\/\/Mobilbizim.net\">MobilBizim.net<\/a> \u00fczerinde genel sohbet, \u015fehir odalar\u0131, arkada\u015fl\u0131k ve \u00f6zel mesajla\u015fma gibi farkl\u0131 se\u00e7enekler bulunmaktad\u0131r. B\u00f6ylece herkes kendi ilgi alan\u0131na uygun ki\u015filerle ileti\u015fim kurabilir.<\/p>\n<p>&nbsp;<\/p>\n<p>G\u00fcvenli sohbet ortam\u0131 sayesinde kullan\u0131c\u0131lar\u0131m\u0131z rahat bir \u015fekilde ileti\u015fim kurabilir, yeni insanlarla tan\u0131\u015fabilir ve sosyal \u00e7evresini geni\u015fletebilir. S\u00fcrekli geli\u015ftirilen altyap\u0131m\u0131z ile kesintisiz ve kaliteli bir sohbet deneyimi sunmay\u0131 hedefliyoruz.<\/p>\n<p>&nbsp;<\/p>\n<p>Siz de hemen MobilBizim.net\u2019e giri\u015f yaparak sohbetin keyfini \u00e7\u0131karabilir, yeni arkada\u015fl\u0131klar kurmaya ba\u015flayabilirsiniz<\/p>\n","protected":false},"excerpt":{"rendered":"<p>MobilBizim.net, kullan\u0131c\u0131lar\u0131na \u00fccretsiz, h\u0131zl\u0131 ve kesintisiz sohbet imk\u00e2n\u0131 sunan modern bir mobil sohbet platformudur. T\u00fcrkiye\u2019nin d\u00f6rt bir yan\u0131ndan insanlar\u0131 bir araya getiren sitemiz, yeni arkada\u015fl\u0131klar kurmak ve keyifli vakit ge\u00e7irmek isteyenler i\u00e7in ideal bir ortam sa\u011flar. &nbsp; Sohbet odalar\u0131m\u0131z tamamen kullan\u0131c\u0131 dostu bir yap\u0131ya sahiptir ve mobil uyumlu tasar\u0131m\u0131 sayesinde telefon, tablet ve bilgisayar \u00fczerinden [&hellip;]<\/p>\n","protected":false},"author":1,"featured_media":9,"parent":0,"menu_order":0,"comment_status":"closed","ping_status":"closed","template":"","meta":{"footnotes":""},"class_list":["post-27","page","type-page","status-publish","has-post-thumbnail","hentry"],"aioseo_notices":[],"_links":{"self":[{"href":"https:\/\/mobilbizim.net\/index.php?rest_route=\/wp\/v2\/pages\/27","targetHints":{"allow":["GET"]}}],"collection":[{"href":"https:\/\/mobilbizim.net\/index.php?rest_route=\/wp\/v2\/pages"}],"about":[{"href":"https:\/\/mobilbizim.net\/index.php?rest_route=\/wp\/v2\/types\/page"}],"author":[{"embeddable":true,"href":"https:\/\/mobilbizim.net\/index.php?rest_route=\/wp\/v2\/users\/1"}],"replies":[{"embeddable":true,"href":"https:\/\/mobilbizim.net\/index.php?rest_route=%2Fwp%2Fv2%2Fcomments&post=27"}],"version-history":[{"count":1,"href":"https:\/\/mobilbizim.net\/index.php?rest_route=\/wp\/v2\/pages\/27\/revisions"}],"predecessor-version":[{"id":28,"href":"https:\/\/mobilbizim.net\/index.php?rest_route=\/wp\/v2\/pages\/27\/revisions\/28"}],"wp:featuredmedia":[{"embeddable":true,"href":"https:\/\/mobilbizim.net\/index.php?rest_route=\/wp\/v2\/media\/9"}],"wp:attachment":[{"href":"https:\/\/mobilbizim.net\/index.php?rest_route=%2Fwp%2Fv2%2Fmedia&parent=27"}],"curies":[{"name":"wp","href":"https:\/\/api.w.org\/{rel}","templated":true}]}}