{"id":31,"date":"2026-04-10T10:01:57","date_gmt":"2026-04-10T10:01:57","guid":{"rendered":"https:\/\/mobilbizim.net\/?page_id=31"},"modified":"2026-04-10T10:02:52","modified_gmt":"2026-04-10T10:02:52","slug":"mobilbizim-net-hizli-mobil-sohbet","status":"publish","type":"page","link":"https:\/\/mobilbizim.net\/?page_id=31","title":{"rendered":"MobilBizim.net \u2013 H\u0131zl\u0131 Mobil Sohbet"},"content":{"rendered":"<p><a href=\"http:\/\/Mobilbizim.net\">MobilBizim.net<\/a> ile \u00fccretsiz sohbet odalar\u0131na kat\u0131labilir, yeni insanlarla tan\u0131\u015fabilirsiniz. \u00dcye olmadan h\u0131zl\u0131 giri\u015f imk\u00e2n\u0131 sunar.<\/p>\n","protected":false},"excerpt":{"rendered":"<p>MobilBizim.net ile \u00fccretsiz sohbet odalar\u0131na kat\u0131labilir, yeni insanlarla tan\u0131\u015fabilirsiniz. \u00dcye olmadan h\u0131zl\u0131 giri\u015f imk\u00e2n\u0131 sunar.<\/p>\n","protected":false},"author":1,"featured_media":0,"parent":0,"menu_order":0,"comment_status":"closed","ping_status":"closed","template":"","meta":{"footnotes":""},"class_list":["post-31","page","type-page","status-publish","hentry"],"aioseo_notices":[],"_links":{"self":[{"href":"https:\/\/mobilbizim.net\/index.php?rest_route=\/wp\/v2\/pages\/31","targetHints":{"allow":["GET"]}}],"collection":[{"href":"https:\/\/mobilbizim.net\/index.php?rest_route=\/wp\/v2\/pages"}],"about":[{"href":"https:\/\/mobilbizim.net\/index.php?rest_route=\/wp\/v2\/types\/page"}],"author":[{"embeddable":true,"href":"https:\/\/mobilbizim.net\/index.php?rest_route=\/wp\/v2\/users\/1"}],"replies":[{"embeddable":true,"href":"https:\/\/mobilbizim.net\/index.php?rest_route=%2Fwp%2Fv2%2Fcomments&post=31"}],"version-history":[{"count":1,"href":"https:\/\/mobilbizim.net\/index.php?rest_route=\/wp\/v2\/pages\/31\/revisions"}],"predecessor-version":[{"id":32,"href":"https:\/\/mobilbizim.net\/index.php?rest_route=\/wp\/v2\/pages\/31\/revisions\/32"}],"wp:attachment":[{"href":"https:\/\/mobilbizim.net\/index.php?rest_route=%2Fwp%2Fv2%2Fmedia&parent=31"}],"curies":[{"name":"wp","href":"https:\/\/api.w.org\/{rel}","templated":true}]}}